{"id":1952,"date":"2026-03-05T12:41:33","date_gmt":"2026-03-05T11:41:33","guid":{"rendered":"https:\/\/platanudvarhaz.hu\/?page_id=1952"},"modified":"2026-03-05T13:05:38","modified_gmt":"2026-03-05T12:05:38","slug":"elmenyek","status":"publish","type":"page","link":"https:\/\/platanudvarhaz.hu\/en\/elmenyek\/","title":{"rendered":"\u00c9lm\u00e9nyek"},"content":{"rendered":"<div data-elementor-type=\"wp-post\" data-elementor-id=\"1952\" class=\"elementor elementor-1952\" data-elementor-post-type=\"page\">\n\t\t\t\t<div class=\"elementor-element elementor-element-fa0e905 e-con-full e-flex e-con e-parent\" data-id=\"fa0e905\" data-element_type=\"container\" data-settings=\"{&quot;background_background&quot;:&quot;classic&quot;}\">\n\t\t\t\t<\/div>\n\t\t<div class=\"elementor-element elementor-element-c6584bc e-flex e-con-boxed e-con e-parent\" data-id=\"c6584bc\" data-element_type=\"container\">\n\t\t\t\t\t<div class=\"e-con-inner\">\n\t\t\t\t<div class=\"elementor-element elementor-element-bd66aa8 elementor-widget-mobile__width-initial elementor-widget elementor-widget-heading\" data-id=\"bd66aa8\" data-element_type=\"widget\" data-widget_type=\"heading.default\">\n\t\t\t\t<div class=\"elementor-widget-container\">\n\t\t\t\t\t<h2 class=\"elementor-heading-title elementor-size-default\">Experiences in Tata<\/h2>\t\t\t\t<\/div>\n\t\t\t\t<\/div>\n\t\t\t\t<div class=\"elementor-element elementor-element-80fb8a8 elementor-widget elementor-widget-text-editor\" data-id=\"80fb8a8\" data-element_type=\"widget\" data-widget_type=\"text-editor.default\">\n\t\t\t\t<div class=\"elementor-widget-container\">\n\t\t\t\t\t\t\t\t\t<p data-start=\"374\" data-end=\"637\">Tata\u2019s historic atmosphere, the tranquil natural setting of its lakes, and the gastronomic experiences of Plat\u00e1n Tata together create a distinctive ambience that draws many guests back from time to time .\nWe offer experiences that bring our guests closer to the spirit of the town and the hidden beauty of the surrounding landscape. These are opportunities to explore the area at your own pace and discover Tata in a way that feels truly personal.<\/p>\t\t\t\t\t\t\t\t<\/div>\n\t\t\t\t<\/div>\n\t\t\t\t\t<\/div>\n\t\t\t\t<\/div>\n\t\t<div class=\"elementor-element elementor-element-e7758a5 e-flex e-con-boxed e-con e-parent\" data-id=\"e7758a5\" data-element_type=\"container\" data-settings=\"{&quot;background_background&quot;:&quot;classic&quot;}\">\n\t\t\t\t\t<div class=\"e-con-inner\">\n\t\t<div class=\"elementor-element elementor-element-2548d3b e-con-full e-flex e-con e-child\" data-id=\"2548d3b\" data-element_type=\"container\">\n\t\t\t\t<div class=\"elementor-element elementor-element-e3ef944 elementor-widget elementor-widget-heading\" data-id=\"e3ef944\" data-element_type=\"widget\" data-widget_type=\"heading.default\">\n\t\t\t\t<div class=\"elementor-widget-container\">\n\t\t\t\t\t<h3 class=\"elementor-heading-title elementor-size-default\">Gastronomic experiences<\/h3>\t\t\t\t<\/div>\n\t\t\t\t<\/div>\n\t\t\t\t<div class=\"elementor-element elementor-element-df05193 elementor-widget elementor-widget-text-editor\" data-id=\"df05193\" data-element_type=\"widget\" data-widget_type=\"text-editor.default\">\n\t\t\t\t<div class=\"elementor-widget-container\">\n\t\t\t\t\t\t\t\t\t<p data-start=\"1160\" data-end=\"1527\">Located on the shores of the Old Lake, Plat\u00e1n Bistro represents contemporary Hungarian cuisine. Alongside its \u00e0 la carte menu, guests are welcomed with a carefully curated selection of steaks and weekly chef\u2019s offers at this MICHELIN Bib Gourmand\u2013recognised restaurant.\u00a0<\/p><p data-start=\"1160\" data-end=\"1527\">Plat\u00e1n Gourmet Restaurant is the first \u2014 and still the only \u2014 countryside fine dining restaurant in Hungary to be awarded two MICHELIN stars. Guests may choose between six- and ten-course tasting menus, complemented by either wine or juice pairings according to preference.<\/p>\t\t\t\t\t\t\t\t<\/div>\n\t\t\t\t<\/div>\n\t\t\t\t<\/div>\n\t\t<div class=\"elementor-element elementor-element-71b5b0f e-con-full e-flex e-con e-child\" data-id=\"71b5b0f\" data-element_type=\"container\">\n\t\t\t\t<div class=\"elementor-element elementor-element-05ad065 elementor-widget elementor-widget-image\" data-id=\"05ad065\" data-element_type=\"widget\" data-widget_type=\"image.default\">\n\t\t\t\t<div class=\"elementor-widget-container\">\n\t\t\t\t\t\t\t\t\t\t\t\t\t\t\t<img fetchpriority=\"high\" decoding=\"async\" width=\"800\" height=\"600\" src=\"https:\/\/platanudvarhaz.hu\/wp-content\/uploads\/2026\/03\/egy_ejszakas_gorumet_elmenyek2-1024x768.jpg\" class=\"attachment-large size-large wp-image-1929\" alt=\"\" srcset=\"https:\/\/platanudvarhaz.hu\/wp-content\/uploads\/2026\/03\/egy_ejszakas_gorumet_elmenyek2-1024x768.jpg 1024w, https:\/\/platanudvarhaz.hu\/wp-content\/uploads\/2026\/03\/egy_ejszakas_gorumet_elmenyek2-300x225.jpg 300w, https:\/\/platanudvarhaz.hu\/wp-content\/uploads\/2026\/03\/egy_ejszakas_gorumet_elmenyek2-768x576.jpg 768w, https:\/\/platanudvarhaz.hu\/wp-content\/uploads\/2026\/03\/egy_ejszakas_gorumet_elmenyek2-1536x1152.jpg 1536w, https:\/\/platanudvarhaz.hu\/wp-content\/uploads\/2026\/03\/egy_ejszakas_gorumet_elmenyek2-16x12.jpg 16w, https:\/\/platanudvarhaz.hu\/wp-content\/uploads\/2026\/03\/egy_ejszakas_gorumet_elmenyek2.jpg 1920w\" sizes=\"(max-width: 800px) 100vw, 800px\" \/>\t\t\t\t\t\t\t\t\t\t\t\t\t\t\t<\/div>\n\t\t\t\t<\/div>\n\t\t\t\t<\/div>\n\t\t\t\t\t<\/div>\n\t\t\t\t<\/div>\n\t\t<div class=\"elementor-element elementor-element-647e4a8 e-flex e-con-boxed e-con e-parent\" data-id=\"647e4a8\" data-element_type=\"container\" data-settings=\"{&quot;background_background&quot;:&quot;classic&quot;}\">\n\t\t\t\t\t<div class=\"e-con-inner\">\n\t\t<div class=\"elementor-element elementor-element-ed9568c e-con-full e-flex e-con e-child\" data-id=\"ed9568c\" data-element_type=\"container\">\n\t\t\t\t<div class=\"elementor-element elementor-element-645cdfb elementor-widget elementor-widget-image\" data-id=\"645cdfb\" data-element_type=\"widget\" data-widget_type=\"image.default\">\n\t\t\t\t<div class=\"elementor-widget-container\">\n\t\t\t\t\t\t\t\t\t\t\t\t\t\t\t<img decoding=\"async\" width=\"800\" height=\"600\" src=\"https:\/\/platanudvarhaz.hu\/wp-content\/uploads\/2026\/03\/kep-12225-1024x768.jpg\" class=\"attachment-large size-large wp-image-1953\" alt=\"\" srcset=\"https:\/\/platanudvarhaz.hu\/wp-content\/uploads\/2026\/03\/kep-12225-1024x768.jpg 1024w, https:\/\/platanudvarhaz.hu\/wp-content\/uploads\/2026\/03\/kep-12225-300x225.jpg 300w, https:\/\/platanudvarhaz.hu\/wp-content\/uploads\/2026\/03\/kep-12225-768x576.jpg 768w, https:\/\/platanudvarhaz.hu\/wp-content\/uploads\/2026\/03\/kep-12225-1536x1152.jpg 1536w, https:\/\/platanudvarhaz.hu\/wp-content\/uploads\/2026\/03\/kep-12225-2048x1536.jpg 2048w, https:\/\/platanudvarhaz.hu\/wp-content\/uploads\/2026\/03\/kep-12225-16x12.jpg 16w\" sizes=\"(max-width: 800px) 100vw, 800px\" \/>\t\t\t\t\t\t\t\t\t\t\t\t\t\t\t<\/div>\n\t\t\t\t<\/div>\n\t\t\t\t<\/div>\n\t\t<div class=\"elementor-element elementor-element-2860d4d e-con-full e-flex e-con e-child\" data-id=\"2860d4d\" data-element_type=\"container\">\n\t\t\t\t<div class=\"elementor-element elementor-element-b09c48e elementor-widget elementor-widget-heading\" data-id=\"b09c48e\" data-element_type=\"widget\" data-widget_type=\"heading.default\">\n\t\t\t\t<div class=\"elementor-widget-container\">\n\t\t\t\t\t<h3 class=\"elementor-heading-title elementor-size-default\">Wellness at the castle moat<\/h3>\t\t\t\t<\/div>\n\t\t\t\t<\/div>\n\t\t\t\t<div class=\"elementor-element elementor-element-90db8ec elementor-widget elementor-widget-text-editor\" data-id=\"90db8ec\" data-element_type=\"widget\" data-widget_type=\"text-editor.default\">\n\t\t\t\t<div class=\"elementor-widget-container\">\n\t\t\t\t\t\t\t\t\t<p>Mirror Spa is the exclusive wellness area at Plat\u00e1n Tata, set within the historic moat of Tata Castle. The unique combination of this centuries-old setting and contemporary design creates a distinctive atmosphere for rest and relaxation.<\/p><p>A selection of massages and wellness experiences offer complete relaxation, allowing guests to truly recharge in the tranquil surroundings of Tata.<\/p>\t\t\t\t\t\t\t\t<\/div>\n\t\t\t\t<\/div>\n\t\t\t\t<\/div>\n\t\t\t\t\t<\/div>\n\t\t\t\t<\/div>\n\t\t<div class=\"elementor-element elementor-element-4cec561 e-flex e-con-boxed e-con e-parent\" data-id=\"4cec561\" data-element_type=\"container\" data-settings=\"{&quot;background_background&quot;:&quot;classic&quot;}\">\n\t\t\t\t\t<div class=\"e-con-inner\">\n\t\t<div class=\"elementor-element elementor-element-1c5ec6b e-con-full e-flex e-con e-child\" data-id=\"1c5ec6b\" data-element_type=\"container\">\n\t\t\t\t<div class=\"elementor-element elementor-element-93f92be elementor-widget elementor-widget-heading\" data-id=\"93f92be\" data-element_type=\"widget\" data-widget_type=\"heading.default\">\n\t\t\t\t<div class=\"elementor-widget-container\">\n\t\t\t\t\t<h3 class=\"elementor-heading-title elementor-size-default\">Electric boat trip<\/h3>\t\t\t\t<\/div>\n\t\t\t\t<\/div>\n\t\t\t\t<div class=\"elementor-element elementor-element-67b14d4 elementor-widget elementor-widget-text-editor\" data-id=\"67b14d4\" data-element_type=\"widget\" data-widget_type=\"text-editor.default\">\n\t\t\t\t<div class=\"elementor-widget-container\">\n\t\t\t\t\t\t\t\t\t<p data-start=\"1160\" data-end=\"1527\">From the waters of the Old Lake, the town reveals a different side of itself. Aboard our own electric boat, guests can discover the striking view of the medieval castle, the Esterh\u00e1zy Castle, and the remarkable wildlife of the lake and its surroundings\u2014where ducks, swans, and many other bird species can often be seen.<\/p>\t\t\t\t\t\t\t\t<\/div>\n\t\t\t\t<\/div>\n\t\t\t\t<\/div>\n\t\t<div class=\"elementor-element elementor-element-a6fcf27 e-con-full e-flex e-con e-child\" data-id=\"a6fcf27\" data-element_type=\"container\">\n\t\t\t\t<div class=\"elementor-element elementor-element-66a67e5 elementor-widget elementor-widget-image\" data-id=\"66a67e5\" data-element_type=\"widget\" data-widget_type=\"image.default\">\n\t\t\t\t<div class=\"elementor-widget-container\">\n\t\t\t\t\t\t\t\t\t\t\t\t\t\t\t<img decoding=\"async\" width=\"800\" height=\"534\" src=\"https:\/\/platanudvarhaz.hu\/wp-content\/uploads\/2026\/03\/kicsi_224-1024x683.jpg\" class=\"attachment-large size-large wp-image-1980\" alt=\"\" srcset=\"https:\/\/platanudvarhaz.hu\/wp-content\/uploads\/2026\/03\/kicsi_224-1024x683.jpg 1024w, https:\/\/platanudvarhaz.hu\/wp-content\/uploads\/2026\/03\/kicsi_224-300x200.jpg 300w, https:\/\/platanudvarhaz.hu\/wp-content\/uploads\/2026\/03\/kicsi_224-768x512.jpg 768w, https:\/\/platanudvarhaz.hu\/wp-content\/uploads\/2026\/03\/kicsi_224-1536x1025.jpg 1536w, https:\/\/platanudvarhaz.hu\/wp-content\/uploads\/2026\/03\/kicsi_224-2048x1366.jpg 2048w, https:\/\/platanudvarhaz.hu\/wp-content\/uploads\/2026\/03\/kicsi_224-18x12.jpg 18w\" sizes=\"(max-width: 800px) 100vw, 800px\" \/>\t\t\t\t\t\t\t\t\t\t\t\t\t\t\t<\/div>\n\t\t\t\t<\/div>\n\t\t\t\t<\/div>\n\t\t\t\t\t<\/div>\n\t\t\t\t<\/div>\n\t\t<div class=\"elementor-element elementor-element-02fe89d e-flex e-con-boxed e-con e-parent\" data-id=\"02fe89d\" data-element_type=\"container\" data-settings=\"{&quot;background_background&quot;:&quot;classic&quot;}\">\n\t\t\t\t\t<div class=\"e-con-inner\">\n\t\t<div class=\"elementor-element elementor-element-dcee9e8 e-con-full e-flex e-con e-child\" data-id=\"dcee9e8\" data-element_type=\"container\">\n\t\t\t\t<div class=\"elementor-element elementor-element-0d7faeb elementor-widget elementor-widget-image\" data-id=\"0d7faeb\" data-element_type=\"widget\" data-widget_type=\"image.default\">\n\t\t\t\t<div class=\"elementor-widget-container\">\n\t\t\t\t\t\t\t\t\t\t\t\t\t\t\t<img loading=\"lazy\" decoding=\"async\" width=\"800\" height=\"534\" src=\"https:\/\/platanudvarhaz.hu\/wp-content\/uploads\/2026\/03\/ChatGPT-Image-2026.-marc.-5.-12_26_34-1024x683.png\" class=\"attachment-large size-large wp-image-1979\" alt=\"\" srcset=\"https:\/\/platanudvarhaz.hu\/wp-content\/uploads\/2026\/03\/ChatGPT-Image-2026.-marc.-5.-12_26_34-1024x683.png 1024w, https:\/\/platanudvarhaz.hu\/wp-content\/uploads\/2026\/03\/ChatGPT-Image-2026.-marc.-5.-12_26_34-300x200.png 300w, https:\/\/platanudvarhaz.hu\/wp-content\/uploads\/2026\/03\/ChatGPT-Image-2026.-marc.-5.-12_26_34-768x512.png 768w, https:\/\/platanudvarhaz.hu\/wp-content\/uploads\/2026\/03\/ChatGPT-Image-2026.-marc.-5.-12_26_34-18x12.png 18w, https:\/\/platanudvarhaz.hu\/wp-content\/uploads\/2026\/03\/ChatGPT-Image-2026.-marc.-5.-12_26_34.png 1536w\" sizes=\"(max-width: 800px) 100vw, 800px\" \/>\t\t\t\t\t\t\t\t\t\t\t\t\t\t\t<\/div>\n\t\t\t\t<\/div>\n\t\t\t\t<\/div>\n\t\t<div class=\"elementor-element elementor-element-96a22b7 e-con-full e-flex e-con e-child\" data-id=\"96a22b7\" data-element_type=\"container\">\n\t\t\t\t<div class=\"elementor-element elementor-element-f928d1a elementor-widget elementor-widget-heading\" data-id=\"f928d1a\" data-element_type=\"widget\" data-widget_type=\"heading.default\">\n\t\t\t\t<div class=\"elementor-widget-container\">\n\t\t\t\t\t<h3 class=\"elementor-heading-title elementor-size-default\">Bicycles and e-bikes<\/h3>\t\t\t\t<\/div>\n\t\t\t\t<\/div>\n\t\t\t\t<div class=\"elementor-element elementor-element-9c54104 elementor-widget elementor-widget-text-editor\" data-id=\"9c54104\" data-element_type=\"widget\" data-widget_type=\"text-editor.default\">\n\t\t\t\t<div class=\"elementor-widget-container\">\n\t\t\t\t\t\t\t\t\t<p>Tata and its surroundings are especially enjoyable to explore on two wheels. With our classic and electric bicycles, guests can easily discover the town\u2019s iconic sights as well as its tranquil, nature-rich corners.\u00a0<\/p>\t\t\t\t\t\t\t\t<\/div>\n\t\t\t\t<\/div>\n\t\t\t\t<\/div>\n\t\t\t\t\t<\/div>\n\t\t\t\t<\/div>\n\t\t<div class=\"elementor-element elementor-element-5a2a702 e-flex e-con-boxed e-con e-parent\" data-id=\"5a2a702\" data-element_type=\"container\" data-settings=\"{&quot;background_background&quot;:&quot;classic&quot;}\">\n\t\t\t\t\t<div class=\"e-con-inner\">\n\t\t<div class=\"elementor-element elementor-element-4da0a28 e-con-full e-flex e-con e-child\" data-id=\"4da0a28\" data-element_type=\"container\">\n\t\t\t\t<div class=\"elementor-element elementor-element-6b50f78 elementor-widget elementor-widget-heading\" data-id=\"6b50f78\" data-element_type=\"widget\" data-widget_type=\"heading.default\">\n\t\t\t\t<div class=\"elementor-widget-container\">\n\t\t\t\t\t<h3 class=\"elementor-heading-title elementor-size-default\">Guided birdwatching<\/h3>\t\t\t\t<\/div>\n\t\t\t\t<\/div>\n\t\t\t\t<div class=\"elementor-element elementor-element-99f6474 elementor-widget elementor-widget-text-editor\" data-id=\"99f6474\" data-element_type=\"widget\" data-widget_type=\"text-editor.default\">\n\t\t\t\t<div class=\"elementor-widget-container\">\n\t\t\t\t\t\t\t\t\t<p>The town of Tata is recognised under the Ramsar Convention as a wetland of international importance, renowned for its exceptionally rich birdlife. In cooperation with local ornithologists from the town\u2019s local association, guests may join a birdwatch walk and discover the natural treasures of the area under expert guidance.<span class=\"Apple-converted-space\">\u00a0<\/span><\/p>\t\t\t\t\t\t\t\t<\/div>\n\t\t\t\t<\/div>\n\t\t\t\t<\/div>\n\t\t<div class=\"elementor-element elementor-element-4d1e8cb e-con-full e-flex e-con e-child\" data-id=\"4d1e8cb\" data-element_type=\"container\">\n\t\t\t\t<div class=\"elementor-element elementor-element-aa0ad5a elementor-widget elementor-widget-image\" data-id=\"aa0ad5a\" data-element_type=\"widget\" data-widget_type=\"image.default\">\n\t\t\t\t<div class=\"elementor-widget-container\">\n\t\t\t\t\t\t\t\t\t\t\t\t\t\t\t<img loading=\"lazy\" decoding=\"async\" width=\"800\" height=\"534\" src=\"https:\/\/platanudvarhaz.hu\/wp-content\/uploads\/2026\/03\/james-wainscoat-tnNmKOkZHaU-unsplash-2-1024x683.jpg\" class=\"attachment-large size-large wp-image-1978\" alt=\"\" srcset=\"https:\/\/platanudvarhaz.hu\/wp-content\/uploads\/2026\/03\/james-wainscoat-tnNmKOkZHaU-unsplash-2-1024x683.jpg 1024w, https:\/\/platanudvarhaz.hu\/wp-content\/uploads\/2026\/03\/james-wainscoat-tnNmKOkZHaU-unsplash-2-300x200.jpg 300w, https:\/\/platanudvarhaz.hu\/wp-content\/uploads\/2026\/03\/james-wainscoat-tnNmKOkZHaU-unsplash-2-768x512.jpg 768w, https:\/\/platanudvarhaz.hu\/wp-content\/uploads\/2026\/03\/james-wainscoat-tnNmKOkZHaU-unsplash-2-1536x1024.jpg 1536w, https:\/\/platanudvarhaz.hu\/wp-content\/uploads\/2026\/03\/james-wainscoat-tnNmKOkZHaU-unsplash-2-18x12.jpg 18w, https:\/\/platanudvarhaz.hu\/wp-content\/uploads\/2026\/03\/james-wainscoat-tnNmKOkZHaU-unsplash-2.jpg 1920w\" sizes=\"(max-width: 800px) 100vw, 800px\" \/>\t\t\t\t\t\t\t\t\t\t\t\t\t\t\t<\/div>\n\t\t\t\t<\/div>\n\t\t\t\t<\/div>\n\t\t\t\t\t<\/div>\n\t\t\t\t<\/div>\n\t\t<div class=\"elementor-element elementor-element-33381a0 e-flex e-con-boxed e-con e-parent\" data-id=\"33381a0\" data-element_type=\"container\" data-settings=\"{&quot;background_background&quot;:&quot;classic&quot;}\">\n\t\t\t\t\t<div class=\"e-con-inner\">\n\t\t<div class=\"elementor-element elementor-element-d12a212 e-con-full e-flex e-con e-child\" data-id=\"d12a212\" data-element_type=\"container\">\n\t\t\t\t<div class=\"elementor-element elementor-element-9e77f32 elementor-widget elementor-widget-image\" data-id=\"9e77f32\" data-element_type=\"widget\" data-widget_type=\"image.default\">\n\t\t\t\t<div class=\"elementor-widget-container\">\n\t\t\t\t\t\t\t\t\t\t\t\t\t\t\t<img loading=\"lazy\" decoding=\"async\" width=\"800\" height=\"600\" src=\"https:\/\/platanudvarhaz.hu\/wp-content\/uploads\/2026\/03\/475263954_1025434299612016_5490491211946753793_n-1024x768.jpg\" class=\"attachment-large size-large wp-image-1981\" alt=\"\" srcset=\"https:\/\/platanudvarhaz.hu\/wp-content\/uploads\/2026\/03\/475263954_1025434299612016_5490491211946753793_n-1024x768.jpg 1024w, https:\/\/platanudvarhaz.hu\/wp-content\/uploads\/2026\/03\/475263954_1025434299612016_5490491211946753793_n-300x225.jpg 300w, https:\/\/platanudvarhaz.hu\/wp-content\/uploads\/2026\/03\/475263954_1025434299612016_5490491211946753793_n-768x576.jpg 768w, https:\/\/platanudvarhaz.hu\/wp-content\/uploads\/2026\/03\/475263954_1025434299612016_5490491211946753793_n-1536x1152.jpg 1536w, https:\/\/platanudvarhaz.hu\/wp-content\/uploads\/2026\/03\/475263954_1025434299612016_5490491211946753793_n-16x12.jpg 16w, https:\/\/platanudvarhaz.hu\/wp-content\/uploads\/2026\/03\/475263954_1025434299612016_5490491211946753793_n.jpg 2048w\" sizes=\"(max-width: 800px) 100vw, 800px\" \/>\t\t\t\t\t\t\t\t\t\t\t\t\t\t\t<\/div>\n\t\t\t\t<\/div>\n\t\t\t\t<\/div>\n\t\t<div class=\"elementor-element elementor-element-1f90d83 e-con-full e-flex e-con e-child\" data-id=\"1f90d83\" data-element_type=\"container\">\n\t\t\t\t<div class=\"elementor-element elementor-element-d44168d elementor-widget elementor-widget-heading\" data-id=\"d44168d\" data-element_type=\"widget\" data-widget_type=\"heading.default\">\n\t\t\t\t<div class=\"elementor-widget-container\">\n\t\t\t\t\t<h3 class=\"elementor-heading-title elementor-size-default\">Esterh\u00e1zy castle<\/h3>\t\t\t\t<\/div>\n\t\t\t\t<\/div>\n\t\t\t\t<div class=\"elementor-element elementor-element-8bc32cf elementor-widget elementor-widget-text-editor\" data-id=\"8bc32cf\" data-element_type=\"widget\" data-widget_type=\"text-editor.default\">\n\t\t\t\t<div class=\"elementor-widget-container\">\n\t\t\t\t\t\t\t\t\t<p>\u00a0The Esterh\u00e1zy Castle in Tata is one of the town\u2019s most significant historic landmarks. Its elegant halls and the surrounding park evoke one of the most defining chapters in the town\u2019s history.<\/p><p>During a visit to the castle, guests can discover Tata\u2019s history and cultural heritage while exploring one of the town\u2019s most beautiful landmarks\u2014either at their own pace or with the guidance of the museum\u2019s staff, according to preference.<\/p>\t\t\t\t\t\t\t\t<\/div>\n\t\t\t\t<\/div>\n\t\t\t\t<\/div>\n\t\t\t\t\t<\/div>\n\t\t\t\t<\/div>\n\t\t<div class=\"elementor-element elementor-element-a57b4ba e-flex e-con-boxed e-con e-parent\" data-id=\"a57b4ba\" data-element_type=\"container\">\n\t\t\t\t\t<div class=\"e-con-inner\">\n\t\t\t\t<div class=\"elementor-element elementor-element-d403670 elementor-align-center elementor-widget elementor-widget-button\" data-id=\"d403670\" data-element_type=\"widget\" data-widget_type=\"button.default\">\n\t\t\t\t<div class=\"elementor-widget-container\">\n\t\t\t\t\t\t\t\t\t<div class=\"elementor-button-wrapper\">\n\t\t\t\t\t<a class=\"elementor-button elementor-button-link elementor-size-sm\" href=\"https:\/\/www.secure-hotel-booking.com\/d-edge\/Platan-Udvarhaz-es-Platan-Utca\/JKPP\/hu-HU\/?_gl=1*5dx5wv*_gcl_au*MjEwMzk1MTk2MC4xNzY4MjA4OTIx*_ga*NDMzOTk3MzQ2LjE3NTg2Mzg2ODE.*_ga_VTEZVSPKX3*czE3NzI3MDg1OTckbzU5JGcxJHQxNzcyNzA5MzA0JGo2MCRsMCRoNDI4ODk4Nzkx\" target=\"_blank\" rel=\"noopener\">\n\t\t\t\t\t\t<span class=\"elementor-button-content-wrapper\">\n\t\t\t\t\t\t\t\t\t<span class=\"elementor-button-text\">BOOKING<\/span>\n\t\t\t\t\t<\/span>\n\t\t\t\t\t<\/a>\n\t\t\t\t<\/div>\n\t\t\t\t\t\t\t\t<\/div>\n\t\t\t\t<\/div>\n\t\t\t\t<div class=\"elementor-element elementor-element-8ebe028 elementor-align-center elementor-widget elementor-widget-button\" data-id=\"8ebe028\" data-element_type=\"widget\" data-widget_type=\"button.default\">\n\t\t\t\t<div class=\"elementor-widget-container\">\n\t\t\t\t\t\t\t\t\t<div class=\"elementor-button-wrapper\">\n\t\t\t\t\t<a class=\"elementor-button elementor-button-link elementor-size-sm\" href=\"https:\/\/platanudvarhaz.hu\/en\/#csomagajanlatok\">\n\t\t\t\t\t\t<span class=\"elementor-button-content-wrapper\">\n\t\t\t\t\t\t\t\t\t<span class=\"elementor-button-text\">PACKAGE OFFERS<\/span>\n\t\t\t\t\t<\/span>\n\t\t\t\t\t<\/a>\n\t\t\t\t<\/div>\n\t\t\t\t\t\t\t\t<\/div>\n\t\t\t\t<\/div>\n\t\t\t\t<div class=\"elementor-element elementor-element-5cff63e elementor-widget elementor-widget-text-editor\" data-id=\"5cff63e\" data-element_type=\"widget\" data-widget_type=\"text-editor.default\">\n\t\t\t\t<div class=\"elementor-widget-container\">\n\t\t\t\t\t\t\t\t\t<p style=\"text-align: center;\" data-start=\"374\" data-end=\"637\">Felh\u00edvjuk figyelm\u00e9t, hogy az itt felsorolt lehet\u0151s\u00e9gek egy r\u00e9sz\u00e9hez el\u0151zetes egyeztet\u00e9s lehet sz\u00fcks\u00e9ges.<br \/>Tov\u00e1bbi inform\u00e1ci\u00f3\u00e9rt k\u00e9rj\u00fck, hogy vegye fel vel\u00fcnk a kapcsolatot telefonon vagy a recepcio@platantata.hu e-mail c\u00edmen!\u00a0<\/p>\t\t\t\t\t\t\t\t<\/div>\n\t\t\t\t<\/div>\n\t\t\t\t\t<\/div>\n\t\t\t\t<\/div>\n\t\t<a class=\"elementor-element elementor-element-463790f e-con-full e-flex e-con e-parent\" data-id=\"463790f\" data-element_type=\"container\" id=\"kapcsolat\" data-settings=\"{&quot;background_background&quot;:&quot;classic&quot;}\" href=\"https:\/\/maps.app.goo.gl\/Qj2LfZfUDCrtQhAM6\" target=\"_blank\" rel=\"nofollow noopener\">\n\t\t\t\t<div class=\"elementor-element elementor-element-0481dc1 elementor-widget elementor-widget-google_maps\" data-id=\"0481dc1\" data-element_type=\"widget\" data-widget_type=\"google_maps.default\">\n\t\t\t\t<div class=\"elementor-widget-container\">\n\t\t\t\t\t\t\t<div class=\"elementor-custom-embed\">\n\t\t\t<iframe loading=\"lazy\"\n\t\t\t\t\tsrc=\"https:\/\/maps.google.com\/maps?q=Plat%C3%A1n%20Udvarh%C3%A1z&#038;t=m&#038;z=16&#038;output=embed&#038;iwloc=near\"\n\t\t\t\t\ttitle=\"Plat\u00e1n Udvarh\u00e1z\"\n\t\t\t\t\taria-label=\"Plat\u00e1n Udvarh\u00e1z\"\n\t\t\t><\/iframe>\n\t\t<\/div>\n\t\t\t\t\t\t<\/div>\n\t\t\t\t<\/div>\n\t\t\t\t<\/a>\n\t\t<a class=\"elementor-element elementor-element-89eab94 elementor-hidden-desktop elementor-hidden-tablet elementor-hidden-mobile e-flex e-con-boxed e-con e-parent\" data-id=\"89eab94\" data-element_type=\"container\" data-settings=\"{&quot;background_background&quot;:&quot;classic&quot;}\" href=\"https:\/\/maps.app.goo.gl\/Qj2LfZfUDCrtQhAM6\" target=\"_blank\" rel=\"nofollow noopener\">\n\t\t\t\t\t<div class=\"e-con-inner\">\n\t\t\t\t\t<\/div>\n\t\t\t\t<\/a>\n\t\t\t\t<\/div>","protected":false},"excerpt":{"rendered":"<p>\u00c9lm\u00e9nyek Tat\u00e1n Tata t\u00f6rt\u00e9nelmi hangulata, a tavak nyugodt term\u00e9szeti k\u00f6rnyezete \u00e9s a Plat\u00e1n Tata gasztron\u00f3miai \u00e9lm\u00e9nyei egy\u00fctt alak\u00edtj\u00e1k azt a k\u00fcl\u00f6nleges atmoszf\u00e9r\u00e1t, amely miatt sokan \u00fajra \u00e9s \u00fajra visszat\u00e9rnek ide. Vend\u00e9geink sz\u00e1m\u00e1ra olyan programokat aj\u00e1nlunk, amelyek k\u00f6zelebb hoznak a v\u00e1roshoz: a v\u00edzpart csendj\u00e9hez, a k\u00f6rny\u00e9k rejtett sz\u00e9ps\u00e9geihez. Ezek az \u00e9lm\u00e9nyek nem k\u00f6t\u00f6tt programok, hanem lehet\u0151s\u00e9gek [&hellip;]<\/p>","protected":false},"author":5,"featured_media":0,"parent":0,"menu_order":0,"comment_status":"closed","ping_status":"closed","template":"elementor_header_footer","meta":{"footnotes":""},"class_list":["post-1952","page","type-page","status-publish","hentry"],"_links":{"self":[{"href":"https:\/\/platanudvarhaz.hu\/en\/wp-json\/wp\/v2\/pages\/1952","targetHints":{"allow":["GET"]}}],"collection":[{"href":"https:\/\/platanudvarhaz.hu\/en\/wp-json\/wp\/v2\/pages"}],"about":[{"href":"https:\/\/platanudvarhaz.hu\/en\/wp-json\/wp\/v2\/types\/page"}],"author":[{"embeddable":true,"href":"https:\/\/platanudvarhaz.hu\/en\/wp-json\/wp\/v2\/users\/5"}],"replies":[{"embeddable":true,"href":"https:\/\/platanudvarhaz.hu\/en\/wp-json\/wp\/v2\/comments?post=1952"}],"version-history":[{"count":52,"href":"https:\/\/platanudvarhaz.hu\/en\/wp-json\/wp\/v2\/pages\/1952\/revisions"}],"predecessor-version":[{"id":2009,"href":"https:\/\/platanudvarhaz.hu\/en\/wp-json\/wp\/v2\/pages\/1952\/revisions\/2009"}],"wp:attachment":[{"href":"https:\/\/platanudvarhaz.hu\/en\/wp-json\/wp\/v2\/media?parent=1952"}],"curies":[{"name":"wp","href":"https:\/\/api.w.org\/{rel}","templated":true}]}}